{"id":603,"date":"2023-08-06T12:08:14","date_gmt":"2023-08-06T10:08:14","guid":{"rendered":"https:\/\/ramonvelasco.es\/?page_id=603"},"modified":"2023-08-06T12:09:02","modified_gmt":"2023-08-06T10:09:02","slug":"politica-de-cookies","status":"publish","type":"page","link":"https:\/\/ramonvelasco.es\/en\/politica-de-cookies\/","title":{"rendered":"Pol\u00edtica de Cookies"},"content":{"rendered":"<div data-elementor-type=\"wp-page\" data-elementor-id=\"603\" class=\"elementor elementor-603\">\n\t\t\t\t\t\t\t\t\t<section class=\"elementor-section elementor-top-section elementor-element elementor-element-f2d11f4 elementor-section-full_width elementor-section-height-default elementor-section-height-default\" data-id=\"f2d11f4\" data-element_type=\"section\">\n\t\t\t\t\t\t<div class=\"elementor-container elementor-column-gap-default\">\n\t\t\t\t\t<div class=\"elementor-column elementor-col-100 elementor-top-column elementor-element elementor-element-31dc6f0\" data-id=\"31dc6f0\" data-element_type=\"column\">\n\t\t\t<div class=\"elementor-widget-wrap elementor-element-populated\">\n\t\t\t\t\t\t\t\t<div class=\"elementor-element elementor-element-15df652 elementor-widget elementor-widget-text-editor\" data-id=\"15df652\" data-element_type=\"widget\" data-widget_type=\"text-editor.default\">\n\t\t\t\t<div class=\"elementor-widget-container\">\n\t\t\t<style>\/*! elementor - v3.14.0 - 26-06-2023 *\/\n.elementor-widget-text-editor.elementor-drop-cap-view-stacked .elementor-drop-cap{background-color:#69727d;color:#fff}.elementor-widget-text-editor.elementor-drop-cap-view-framed .elementor-drop-cap{color:#69727d;border:3px solid;background-color:transparent}.elementor-widget-text-editor:not(.elementor-drop-cap-view-default) .elementor-drop-cap{margin-top:8px}.elementor-widget-text-editor:not(.elementor-drop-cap-view-default) .elementor-drop-cap-letter{width:1em;height:1em}.elementor-widget-text-editor .elementor-drop-cap{float:left;text-align:center;line-height:1;font-size:50px}.elementor-widget-text-editor .elementor-drop-cap-letter{display:inline-block}<\/style>\t\t\t\t<div class=\"panel-heading\"><h1>Pol\u00edtica de cookies<\/h1><\/div><div class=\"panel-body\"><p>Mediante esta Pol\u00edtica de Cookies, el usuario podr\u00e1 conocer con qu\u00e9 finalidades se utilizan las cookies, dispone tambi\u00e9n de la posibilidad de configurarlas para aceptar o rechazar de forma total o parcial su utilizaci\u00f3n y adem\u00e1s obtendr\u00e1 informaci\u00f3n adicional para conocer informaci\u00f3n completa sobre su significado, configuraci\u00f3n, finalidades y derechos.<\/p><p>Este Sitio Web utiliza cookies propias y de terceras entidades, con la finalidad de brindar una experiencia de navegaci\u00f3n satisfactoria para el usuario, realizar m\u00e9tricas y estad\u00edsticas, as\u00ed como acciones de marketing. Si el usuario no est\u00e1 de acuerdo con alguna de las finalidades, puede personalizar las opciones desde esta pol\u00edtica.<\/p><p>El usuario, permite la utilizaci\u00f3n e instalaci\u00f3n de las cookies con las finalidades descritas en el panel de configuraci\u00f3n de cookies.<\/p><p>Adem\u00e1s, este sitio web puede disponer de enlaces a sitios web de terceros, cuyas pol\u00edticas de privacidad, pol\u00edticas de cookies y textos legales, son ajenos al titular del presente sitio web. Al acceder a dichos sitios web mediante los mencionados enlaces, el usuario es libre de decidir si acepta o rechaza los mencionados apartados.<\/p><p>Para acceder al panel de configuraci\u00f3n de cookies, donde el usuario podr\u00e1 aceptar o rechazar las cookies, de forma total o parcial, pulse aqu\u00ed:<\/p><p><a id=\"pcookies\" class=\"cookiesButton btn btn-xs btn-link\" href=\"https:\/\/satisrenovables.com\/politica-de-cookies-es-rgpd.html#\" data-toggle=\"modal\" data-target=\"#modal_cookies\">Panel de configuraci\u00f3n de Cookies<\/a><\/p><h2><strong>1. Definici\u00f3n y funci\u00f3n de las Cookies<\/strong><\/h2><p>Una cookie es un peque\u00f1o archivo creado por un sitio de Internet para almacenar informaci\u00f3n en su equipo, como, por ejemplo, las preferencias cuando se visita una web. Cuando se accede a una p\u00e1gina web que utiliza cookies, \u00e9sta solicita al navegador que guarde una o m\u00e1s cookies en el disco duro. Las cookies a menudo guardan la configuraci\u00f3n de los sitios web, como el idioma preferido o la ubicaci\u00f3n, as\u00ed, cuando el usuario vuelve a esa p\u00e1gina Web, el navegador env\u00eda de nuevo las cookies que le pertenecen, lo que le permite prestar servicio e informaci\u00f3n personalizada en funci\u00f3n de las necesidades. Las cookies tambi\u00e9n pueden llegar a guardar informaci\u00f3n que identifique personalmente a los usuarios, sin embargo, este sitio web no utiliza este tipo de cookies, y s\u00f3lo tendr\u00e1 acceso a la informaci\u00f3n personal que usted proporcione a trav\u00e9s de los formularios de contacto o v\u00eda correo electr\u00f3nico. Se puede cambiar la configuraci\u00f3n de cookies del navegador que usted utiliza, para que le permita aprobar o rechazar autom\u00e1ticamente peticiones de almacenamiento de cookies cuando se cierra el navegador y otras opciones adicionales.<\/p><h2><strong>2. Tipos de Cookies<\/strong><\/h2><p>Las cookies se pueden clasificar de forma global atendiendo a tres bloques en funci\u00f3n del \u00e1mbito de estudio:<\/p><p><strong>a) Tipos de cookies seg\u00fan la entidad que las gestione<\/strong><\/p><p>Seg\u00fan quien sea la entidad que gestiona el dominio del sitio web desde donde se env\u00edan las cookies y se tratan los datos que se obtienen, se tienen:<\/p><dl><dd>\u2013 Cookies propias: aquellas que se env\u00edan al dispositivo del usuario desde la propia p\u00e1gina web que visita.<\/dd><dd>\u2013 Cookies de terceros: aquellas que se env\u00edan al dispositivo del usuario desde un dominio que no es gestionado por el titular del dominio que visita el usuario, sino por otra entidad que trata los datos obtenidos a trav\u00e9s de las cookies, como por ejemplo Google. Puesto que son estos terceros quienes proceden a su implementaci\u00f3n, el bloqueo y desinstalaci\u00f3n de las mismas se gestiona por sus condiciones y mecanismos espec\u00edficos.<\/dd><\/dl><p><strong>b) Tipos de cookies seg\u00fan el tiempo que permanecen activas en el dispositivo:<\/strong><\/p><p>Atendiendo al tiempo en el que las cookies permanecen alojadas y activadas en el dispositivo del usuario, se tienen:<\/p><dl><dd>\u2013 Cookies de sesi\u00f3n: dise\u00f1adas para recabar y almacenar datos mientras el usuario accede a una p\u00e1gina web. Estas cookies se almacenan en su dispositivo hasta que finalice la sesi\u00f3n de navegaci\u00f3n del usuario.<\/dd><dd>\u2013 Cookies persistentes: dise\u00f1adas para permanecer activas en el dispositivo desde unos minutos, hasta varios a\u00f1os, y los datos siguen almacenados en el dispositivo pudiendo ser accedidos y tratados durante un periodo definido por el responsable de la cookie.<\/dd><\/dl><p><strong>c) Tipos de cookies seg\u00fan su finalidad:<\/strong><\/p><p>En funci\u00f3n del objetivo por el cual un sitio web emplea cookies, se tienen de forma gen\u00e9rica:<\/p><dl><dd>\u2013 Cookies t\u00e9cnicas: permiten por ejemplo conocer si el usuario ya visit\u00f3 en el pasado el sitio web y acept\u00f3 o rechaz\u00f3 las cookies, identific\u00e1ndolo cuando se conecta al sitio web.<\/dd><dd>\u2013 Cookies de preferencias: permiten adaptar la presentaci\u00f3n del sitio web a las preferencias del usuario, por ejemplo, seg\u00fan el idioma utilizado, la resoluci\u00f3n del dispositivo, navegador utilizado, etc. En definitiva, simplemente mejorar la experiencia de usuario.<\/dd><dd>\u2013 Cookies anal\u00edticas: permiten, dependiendo de las preferencias del usuario establecer estad\u00edsticas y el volumen de visitas, tr\u00e1fico web, mediciones y de uso de los diferentes elementos que forman el sitio web, al objeto de mejorar el sitio y mejora de los servicios.<\/dd><dd>\u2013 Cookies de marketing y\/o publicitarias: son aquellas que se utilizan de forma general para obtener un perfil de usuario para conocer sus preferencias y mostrar publicidad dirigida a la carta. Se puede crear un perfil sobre usted y sus intereses para mostrarle contenido personalizado que le fuera pertinente.<\/dd><\/dl><h2><strong>3. Revocaci\u00f3n y eliminaci\u00f3n de Cookies<\/strong><\/h2><p>Con car\u00e1cter general, en la navegaci\u00f3n por internet, el usuario puede aceptar o rechazar las cookies; para permitirlas, bloquearlas, eliminarlas o desactivarlas, mediante la configuraci\u00f3n a trav\u00e9s del men\u00fa de opciones de su navegador.<\/p><p>Para configurar el navegador, desactivar o administrar la instalaci\u00f3n de cookies, y que de este modo, se borren autom\u00e1ticamente una vez que se cierre el navegador, equipo o dispositivo, puede obtener m\u00e1s informaci\u00f3n haciendo \u201cclick\u201d en los siguientes enlaces que le proporcionamos, en funci\u00f3n del navegador que usted utiliza:<\/p><dl><dd>\u2013\u00a0<a href=\"https:\/\/support.google.com\/chrome\/answer\/95647?hl=es\">Google Chrome<\/a><\/dd><dd>\u2013\u00a0<a href=\"https:\/\/support.mozilla.org\/es\/kb\/cookies-informacion-que-los-sitios-web-guardan-en-?redirectlocale=en-US&amp;redirectslug=Cookies\">Mozilla Firefox<\/a><\/dd><dd>\u2013\u00a0<a href=\"https:\/\/support.microsoft.com\/es-es\/windows\/microsoft-edge-datos-de-exploraci%C3%B3n-y-privacidad-bb8174ba-9d73-dcf2-9b4a-c582b4e640dd\">Edge<\/a><\/dd><dd>\u2013\u00a0<a href=\"https:\/\/support.microsoft.com\/es-es\/windows\/eliminar-y-administrar-cookies-168dab11-0753-043d-7c16-ede5947fc64d#ie=ie-11\">Internet Explorer (Versi\u00f3n 11)<\/a><\/dd><dd>\u2013\u00a0<a href=\"https:\/\/support.microsoft.com\/es-es\/windows\/eliminar-y-administrar-cookies-168dab11-0753-043d-7c16-ede5947fc64d#ie=ie-10\">Internet Explorer (Versi\u00f3n 10)<\/a><\/dd><dd>\u2013\u00a0<a href=\"https:\/\/help.opera.com\/en\/latest\/web-preferences\/\">Opera<\/a><\/dd><dd>\u2013\u00a0<a href=\"https:\/\/www.apple.com\/legal\/privacy\/es\/cookies\/\">Safari<\/a><\/dd><\/dl><p>De forma general, la mayor\u00eda de los navegadores, permiten el acceso r\u00e1pido a la eliminaci\u00f3n de los datos de navegaci\u00f3n, pulsando la secuencia de teclas Ctrl+Mayus+Supr, pudi\u00e9ndose borrar las Cookies.<\/p><h2><strong>4.Actualizaci\u00f3n y modificaciones en la Pol\u00edtica de Cookies<\/strong><\/h2><p>Esta Pol\u00edtica de Cookies y Configuraci\u00f3n, podr\u00e1n ser modificadas en funci\u00f3n de cambios legislativos o con la finalidad de adaptar dicha pol\u00edtica a nuevas necesidades del sitio web o a nuevas instrucciones dictadas desde la Agencia Espa\u00f1ola de Protecci\u00f3n de Datos (A.E.P.D).<\/p><\/div>\t\t\t\t\t\t<\/div>\n\t\t\t\t<\/div>\n\t\t\t\t\t<\/div>\n\t\t<\/div>\n\t\t\t\t\t\t\t<\/div>\n\t\t<\/section>\n\t\t\t\t\t\t\t<\/div>","protected":false},"excerpt":{"rendered":"<p>Pol\u00edtica de cookies Mediante esta Pol\u00edtica de Cookies, el usuario podr\u00e1 conocer con qu\u00e9 finalidades se utilizan las cookies, dispone tambi\u00e9n de la posibilidad de configurarlas para aceptar o rechazar de forma total o parcial su utilizaci\u00f3n y adem\u00e1s obtendr\u00e1 informaci\u00f3n adicional para conocer informaci\u00f3n completa sobre su significado, configuraci\u00f3n, finalidades y derechos. Este Sitio &hellip;<\/p>\n<p class=\"read-more\"> <a class=\"\" href=\"https:\/\/ramonvelasco.es\/en\/politica-de-cookies\/\"> <span class=\"screen-reader-text\">Pol\u00edtica de Cookies<\/span> Read More &raquo;<\/a><\/p>","protected":false},"author":1,"featured_media":0,"parent":0,"menu_order":0,"comment_status":"closed","ping_status":"closed","template":"","meta":{"_uag_custom_page_level_css":"","site-sidebar-layout":"no-sidebar","site-content-layout":"page-builder","ast-global-header-display":"","ast-banner-title-visibility":"","ast-main-header-display":"","ast-hfb-above-header-display":"","ast-hfb-below-header-display":"","ast-hfb-mobile-header-display":"","site-post-title":"disabled","ast-breadcrumbs-content":"","ast-featured-img":"disabled","footer-sml-layout":"","theme-transparent-header-meta":"","adv-header-id-meta":"","stick-header-meta":"","header-above-stick-meta":"","header-main-stick-meta":"","header-below-stick-meta":"","footnotes":""},"class_list":["post-603","page","type-page","status-publish","hentry"],"yoast_head":"<!-- This site is optimized with the Yoast SEO plugin v20.12 - https:\/\/yoast.com\/wordpress\/plugins\/seo\/ -->\n<title>Pol\u00edtica de Cookies - ramonvelasco<\/title>\n<meta name=\"robots\" content=\"index, follow, max-snippet:-1, max-image-preview:large, max-video-preview:-1\" \/>\n<link rel=\"canonical\" href=\"https:\/\/ramonvelasco.es\/en\/politica-de-cookies\/\" \/>\n<meta property=\"og:locale\" content=\"en_GB\" \/>\n<meta property=\"og:type\" content=\"article\" \/>\n<meta property=\"og:title\" content=\"Pol\u00edtica de Cookies - ramonvelasco\" \/>\n<meta property=\"og:description\" content=\"Pol\u00edtica de cookies Mediante esta Pol\u00edtica de Cookies, el usuario podr\u00e1 conocer con qu\u00e9 finalidades se utilizan las cookies, dispone tambi\u00e9n de la posibilidad de configurarlas para aceptar o rechazar de forma total o parcial su utilizaci\u00f3n y adem\u00e1s obtendr\u00e1 informaci\u00f3n adicional para conocer informaci\u00f3n completa sobre su significado, configuraci\u00f3n, finalidades y derechos. Este Sitio &hellip; Pol\u00edtica de Cookies Read More &raquo;\" \/>\n<meta property=\"og:url\" content=\"https:\/\/ramonvelasco.es\/en\/politica-de-cookies\/\" \/>\n<meta property=\"og:site_name\" content=\"ramonvelasco\" \/>\n<meta property=\"article:modified_time\" content=\"2023-08-06T10:09:02+00:00\" \/>\n<meta name=\"twitter:card\" content=\"summary_large_image\" \/>\n<meta name=\"twitter:label1\" content=\"Estimated reading time\" \/>\n\t<meta name=\"twitter:data1\" content=\"6 minutes\" \/>\n<script type=\"application\/ld+json\" class=\"yoast-schema-graph\">{\"@context\":\"https:\/\/schema.org\",\"@graph\":[{\"@type\":\"WebPage\",\"@id\":\"https:\/\/ramonvelasco.es\/politica-de-cookies\/\",\"url\":\"https:\/\/ramonvelasco.es\/politica-de-cookies\/\",\"name\":\"Pol\u00edtica de Cookies - ramonvelasco\",\"isPartOf\":{\"@id\":\"https:\/\/ramonvelasco.es\/#website\"},\"datePublished\":\"2023-08-06T10:08:14+00:00\",\"dateModified\":\"2023-08-06T10:09:02+00:00\",\"breadcrumb\":{\"@id\":\"https:\/\/ramonvelasco.es\/politica-de-cookies\/#breadcrumb\"},\"inLanguage\":\"en-GB\",\"potentialAction\":[{\"@type\":\"ReadAction\",\"target\":[\"https:\/\/ramonvelasco.es\/politica-de-cookies\/\"]}]},{\"@type\":\"BreadcrumbList\",\"@id\":\"https:\/\/ramonvelasco.es\/politica-de-cookies\/#breadcrumb\",\"itemListElement\":[{\"@type\":\"ListItem\",\"position\":1,\"name\":\"Portada\",\"item\":\"https:\/\/ramonvelasco.es\/\"},{\"@type\":\"ListItem\",\"position\":2,\"name\":\"Pol\u00edtica de Cookies\"}]},{\"@type\":\"WebSite\",\"@id\":\"https:\/\/ramonvelasco.es\/#website\",\"url\":\"https:\/\/ramonvelasco.es\/\",\"name\":\"ramonvelasco.es\",\"description\":\"\",\"publisher\":{\"@id\":\"https:\/\/ramonvelasco.es\/#organization\"},\"potentialAction\":[{\"@type\":\"SearchAction\",\"target\":{\"@type\":\"EntryPoint\",\"urlTemplate\":\"https:\/\/ramonvelasco.es\/?s={search_term_string}\"},\"query-input\":\"required name=search_term_string\"}],\"inLanguage\":\"en-GB\"},{\"@type\":\"Organization\",\"@id\":\"https:\/\/ramonvelasco.es\/#organization\",\"name\":\"ramon velasco aparejador\",\"url\":\"https:\/\/ramonvelasco.es\/\",\"logo\":{\"@type\":\"ImageObject\",\"inLanguage\":\"en-GB\",\"@id\":\"https:\/\/ramonvelasco.es\/#\/schema\/logo\/image\/\",\"url\":\"https:\/\/ramonvelasco.es\/wp-content\/uploads\/2023\/08\/Captura.jpg\",\"contentUrl\":\"https:\/\/ramonvelasco.es\/wp-content\/uploads\/2023\/08\/Captura.jpg\",\"width\":185,\"height\":58,\"caption\":\"ramon velasco aparejador\"},\"image\":{\"@id\":\"https:\/\/ramonvelasco.es\/#\/schema\/logo\/image\/\"}}]}<\/script>\n<!-- \/ Yoast SEO plugin. -->","yoast_head_json":{"title":"Pol\u00edtica de Cookies - ramonvelasco","robots":{"index":"index","follow":"follow","max-snippet":"max-snippet:-1","max-image-preview":"max-image-preview:large","max-video-preview":"max-video-preview:-1"},"canonical":"https:\/\/ramonvelasco.es\/en\/politica-de-cookies\/","og_locale":"en_GB","og_type":"article","og_title":"Pol\u00edtica de Cookies - ramonvelasco","og_description":"Pol\u00edtica de cookies Mediante esta Pol\u00edtica de Cookies, el usuario podr\u00e1 conocer con qu\u00e9 finalidades se utilizan las cookies, dispone tambi\u00e9n de la posibilidad de configurarlas para aceptar o rechazar de forma total o parcial su utilizaci\u00f3n y adem\u00e1s obtendr\u00e1 informaci\u00f3n adicional para conocer informaci\u00f3n completa sobre su significado, configuraci\u00f3n, finalidades y derechos. Este Sitio &hellip; Pol\u00edtica de Cookies Read More &raquo;","og_url":"https:\/\/ramonvelasco.es\/en\/politica-de-cookies\/","og_site_name":"ramonvelasco","article_modified_time":"2023-08-06T10:09:02+00:00","twitter_card":"summary_large_image","twitter_misc":{"Estimated reading time":"6 minutes"},"schema":{"@context":"https:\/\/schema.org","@graph":[{"@type":"WebPage","@id":"https:\/\/ramonvelasco.es\/politica-de-cookies\/","url":"https:\/\/ramonvelasco.es\/politica-de-cookies\/","name":"Pol\u00edtica de Cookies - ramonvelasco","isPartOf":{"@id":"https:\/\/ramonvelasco.es\/#website"},"datePublished":"2023-08-06T10:08:14+00:00","dateModified":"2023-08-06T10:09:02+00:00","breadcrumb":{"@id":"https:\/\/ramonvelasco.es\/politica-de-cookies\/#breadcrumb"},"inLanguage":"en-GB","potentialAction":[{"@type":"ReadAction","target":["https:\/\/ramonvelasco.es\/politica-de-cookies\/"]}]},{"@type":"BreadcrumbList","@id":"https:\/\/ramonvelasco.es\/politica-de-cookies\/#breadcrumb","itemListElement":[{"@type":"ListItem","position":1,"name":"Portada","item":"https:\/\/ramonvelasco.es\/"},{"@type":"ListItem","position":2,"name":"Pol\u00edtica de Cookies"}]},{"@type":"WebSite","@id":"https:\/\/ramonvelasco.es\/#website","url":"https:\/\/ramonvelasco.es\/","name":"ramonvelasco.es","description":"","publisher":{"@id":"https:\/\/ramonvelasco.es\/#organization"},"potentialAction":[{"@type":"SearchAction","target":{"@type":"EntryPoint","urlTemplate":"https:\/\/ramonvelasco.es\/?s={search_term_string}"},"query-input":"required name=search_term_string"}],"inLanguage":"en-GB"},{"@type":"Organization","@id":"https:\/\/ramonvelasco.es\/#organization","name":"ramon velasco aparejador","url":"https:\/\/ramonvelasco.es\/","logo":{"@type":"ImageObject","inLanguage":"en-GB","@id":"https:\/\/ramonvelasco.es\/#\/schema\/logo\/image\/","url":"https:\/\/ramonvelasco.es\/wp-content\/uploads\/2023\/08\/Captura.jpg","contentUrl":"https:\/\/ramonvelasco.es\/wp-content\/uploads\/2023\/08\/Captura.jpg","width":185,"height":58,"caption":"ramon velasco aparejador"},"image":{"@id":"https:\/\/ramonvelasco.es\/#\/schema\/logo\/image\/"}}]}},"uagb_featured_image_src":{"full":false,"thumbnail":false,"medium":false,"medium_large":false,"large":false,"1536x1536":false,"2048x2048":false,"trp-custom-language-flag":false},"uagb_author_info":{"display_name":"programadorjmj","author_link":"https:\/\/ramonvelasco.es\/en\/author\/programadorjmj\/"},"uagb_comment_info":0,"uagb_excerpt":"Pol\u00edtica de cookies Mediante esta Pol\u00edtica de Cookies, el usuario podr\u00e1 conocer con qu\u00e9 finalidades se utilizan las cookies, dispone tambi\u00e9n de la posibilidad de configurarlas para aceptar o rechazar de forma total o parcial su utilizaci\u00f3n y adem\u00e1s obtendr\u00e1 informaci\u00f3n adicional para conocer informaci\u00f3n completa sobre su significado, configuraci\u00f3n, finalidades y derechos. Este Sitio&hellip;","_links":{"self":[{"href":"https:\/\/ramonvelasco.es\/en\/wp-json\/wp\/v2\/pages\/603","targetHints":{"allow":["GET"]}}],"collection":[{"href":"https:\/\/ramonvelasco.es\/en\/wp-json\/wp\/v2\/pages"}],"about":[{"href":"https:\/\/ramonvelasco.es\/en\/wp-json\/wp\/v2\/types\/page"}],"author":[{"embeddable":true,"href":"https:\/\/ramonvelasco.es\/en\/wp-json\/wp\/v2\/users\/1"}],"replies":[{"embeddable":true,"href":"https:\/\/ramonvelasco.es\/en\/wp-json\/wp\/v2\/comments?post=603"}],"version-history":[{"count":4,"href":"https:\/\/ramonvelasco.es\/en\/wp-json\/wp\/v2\/pages\/603\/revisions"}],"predecessor-version":[{"id":607,"href":"https:\/\/ramonvelasco.es\/en\/wp-json\/wp\/v2\/pages\/603\/revisions\/607"}],"wp:attachment":[{"href":"https:\/\/ramonvelasco.es\/en\/wp-json\/wp\/v2\/media?parent=603"}],"curies":[{"name":"wp","href":"https:\/\/api.w.org\/{rel}","templated":true}]}}